{"id":1888,"date":"2024-04-24T10:11:23","date_gmt":"2024-04-24T08:11:23","guid":{"rendered":"https:\/\/digiskysolutions.com\/?page_id=1888"},"modified":"2025-02-17T11:25:37","modified_gmt":"2025-02-17T10:25:37","slug":"datenschutzrichtlinie-digisky","status":"publish","type":"page","link":"https:\/\/digiskysolutions.com\/de\/datenschutzrichtlinie-digisky\/","title":{"rendered":"Datenschutzrichtlinie Digisky"},"content":{"rendered":"<h3><\/h3>\n<h3><strong>Eigent\u00fcmer<\/strong><\/h3>\n<p>Digisky GmbH<br \/>\nA\u00e9rop\u00f4le 132<br \/>\n1530 Payerne<\/p>\n<h3><\/h3>\n<h3><strong>Hosting<\/strong><\/h3>\n<p>Seite wird in der Schweiz durch Infomaniak gehostet<br \/>\nEug\u00e8ne Marziano 25<br \/>\n1227 Les Acacias<br \/>\n+41 22 820 35 44<\/p>\n<p>&nbsp;<\/p>\n<h3><strong>Datenschutzrichtlinie<\/strong><\/h3>\n<p>Diese Datenschutzrichtlinie gibt Ihnen einen \u00dcberblick \u00fcber die Verarbeitung Ihrer pers\u00f6nlichen Daten durch die Digisky GmbH. Sie gilt f\u00fcr alle von der Agentur \u00fcber eine Website, pers\u00f6nlich, telefonisch, bei Veranstaltungen, in sozialen Netzwerken und \u00fcber andere Kan\u00e4le angebotenen Dienstleistungen und Leistungen.<\/p>\n<p>Abschnitte:<\/p>\n<ol>\n<li>Wer ist f\u00fcr die Datenerhebung verantwortlich?<\/li>\n<li>Welche Daten erheben wir?<\/li>\n<li>Wie erheben wir Ihre pers\u00f6nlichen Daten?<\/li>\n<li>Was sind unsere rechtlichen Grundlagen f\u00fcr die Datenverarbeitung?<\/li>\n<li>Zu welchen Zwecken nutzen wir Ihre Daten?<\/li>\n<li>Mit wem teilen wir Ihre pers\u00f6nlichen Daten?<\/li>\n<li>Wie sch\u00fctzen wir Ihre Daten?<\/li>\n<li>Werden Ihre Daten ausserhalb der Schweiz \u00fcbermittelt?<\/li>\n<li>Marketing<\/li>\n<li>Welche Rechte haben Sie in Bezug auf Ihre Daten?<\/li>\n<li>Datenschutzrichtlinien anderer Webseiten<\/li>\n<li>Cookies<\/li>\n<li>\u00c4nderungen an dieser Datenschutzrichtlinie<\/li>\n<li>Kontakt zur Datenschutzbeh\u00f6rde<\/li>\n<\/ol>\n<p>&nbsp;<\/p>\n<p><strong>1. Wer ist f\u00fcr die Datenerhebung verantwortlich?<br \/>\n<\/strong>Verantwortlich f\u00fcr die Datenerhebung ist die Digisky GmbH, A\u00e9rop\u00f4le 132, 1530 Payerne, Schweiz (nachfolgend \u201eDigisky\u201c oder \u201ewir\u201c). Diese Datenschutzrichtlinie erkl\u00e4rt, wie wir personenbezogene Daten erheben, verwenden und weitergeben, wenn Sie unsere Website, unsere Dienstleistungen oder unsere digitale Pr\u00e4senz nutzen. Mit der Nutzung unserer digitalen Pr\u00e4senz stimmen Sie der Erhebung, Nutzung und Offenlegung dieser Daten gem\u00e4ss dieser Datenschutzrichtlinie zu.<\/p>\n<p>&nbsp;<\/p>\n<p><strong>2. Welche Daten erheben wir?<\/strong><br \/>\nDie Digisky GmbH erhebt Daten zu den von Ihnen genutzten Dienstleistungen. Die meisten unserer Dienstleistungen erfordern, dass Sie uns personenbezogene Daten zur Verf\u00fcgung stellen, darunter Name, E-Mail-Adresse, Telefonnummer und Postanschrift.<\/p>\n<p>&nbsp;<\/p>\n<p><strong>3. Wie erheben wir Ihre pers\u00f6nlichen Daten?<\/strong><br \/>\nDie meisten der von uns verarbeiteten Daten stammen direkt von Ihnen, wenn Sie unsere Dienstleistungen nutzen oder mit uns in Kontakt treten. Wir erheben und verarbeiten Ihre Daten insbesondere:<\/p>\n<ul>\n<li>wenn Sie das Kontaktformular ausf\u00fcllen,<\/li>\n<li>wenn Sie uns bei einer Veranstaltung Ihre Visitenkarte \u00fcbergeben oder an einem Kundenmeeting, einer Schulung, einem Workshop oder einer anderen von uns organisierten Aktivit\u00e4t teilnehmen,<\/li>\n<li>wenn Sie mit unserer Website interagieren, sei es durch Nutzung oder Betrachtung, \u00fcber die Cookies Ihres Browsers,<\/li>\n<li>wenn Sie eine vertragliche Beziehung mit uns eingehen.<\/li>\n<\/ul>\n<p>Dar\u00fcber hinaus k\u00f6nnen wir Daten indirekt durch Analysen erheben, z. B. im Rahmen von Internetrecherchen oder Marktforschungsstudien.<\/p>\n<p>&nbsp;<\/p>\n<p><strong>4. Was sind unsere rechtlichen Grundlagen f\u00fcr die Datenverarbeitung?<br \/>\n<\/strong>Wir k\u00f6nnen Ihre personenbezogenen Daten aus folgenden rechtlichen Gr\u00fcnden erheben und verwenden, um unsere T\u00e4tigkeiten auszuf\u00fchren und Ihnen unsere Produkte und Dienstleistungen bereitzustellen:<\/p>\n<ul>\n<li>Vertrag: Wir k\u00f6nnen Ihre Daten verarbeiten, um unsere vertraglichen und vorvertraglichen Verpflichtungen zu erf\u00fcllen.<\/li>\n<li>Einwilligung: Wir k\u00f6nnen Ihre Daten auf Basis Ihrer ausdr\u00fccklichen Zustimmung verarbeiten, wenn Sie uns diese mitgeteilt haben.<\/li>\n<li>Berechtigtes Interesse: Wir k\u00f6nnen ein berechtigtes Interesse haben, das die Verarbeitung als notwendig, verh\u00e4ltnism\u00e4ssig und angemessen erachtet, z. B.:<\/li>\n<\/ul>\n<ol>\n<li style=\"list-style-type: none;\">\n<ol>\n<li>Bereitstellung von Produkten und Dienstleistungen<\/li>\n<li>Bereitstellung von Marketinginhalten<\/li>\n<\/ol>\n<\/li>\n<\/ol>\n<p>&nbsp;<\/p>\n<p><strong>5. Zu welchen Zwecken nutzen wir Ihre Daten?<br \/>\n<\/strong>Wir legen grossen Wert auf Transparenz bei der Erhebung und Nutzung Ihrer personenbezogenen Daten und teilen Ihnen mit, zu welchen Zwecken wir diese ben\u00f6tigen, darunter:<\/p>\n<ul>\n<li>Bereitstellung professioneller Unterst\u00fctzung und Beratung bei Ihren Drohnenprojekten,<\/li>\n<li>Bearbeitung Ihrer Anfragen und Informationsersuchen, einschliesslich der Beantwortung von Online-Kommunikation,<\/li>\n<li>Werbung f\u00fcr unsere Dienstleistungen und Produkte bei bestehenden und potenziellen Kunden,<\/li>\n<li>Personalisierung von Mitteilungen, die auf Ihren Interaktionen mit uns basieren,<\/li>\n<li>Verwaltung, Wartung und Sicherung unseres IT-Systems und unserer Website.<\/li>\n<\/ul>\n<p>Die Digisky GmbH verpflichtet sich, Ihre personenbezogenen Daten gem\u00e4ss den Grunds\u00e4tzen von Treu und Glauben, Verh\u00e4ltnism\u00e4ssigkeit der Verarbeitung und Zweckbindung zu erheben und zu speichern. Wir verpflichten uns, Ihre Daten nicht ausserhalb der in Abschnitt 6 definierten Rahmenbedingungen zu verkaufen, zu teilen oder weiterzugeben. Dar\u00fcber hinaus verwenden wir Ihre Daten nicht f\u00fcr andere als die oben genannten Zwecke.<\/p>\n<p>&nbsp;<\/p>\n<p><strong>6. Mit wem teilen wir Ihre pers\u00f6nlichen Daten?<br \/>\n<\/strong>Die Digisky GmbH gibt Ihre Daten nur weiter, wenn dies gem\u00e4ss dem geltenden schweizerischen oder europ\u00e4ischen Datenschutzrecht zul\u00e4ssig ist. Wir k\u00f6nnen Ihre Daten mit vertrauensw\u00fcrdigen Dienstleistern teilen, mit denen wir zusammenarbeiten, um unsere Dienstleistungen zu erbringen. Diese Dienstleister sind vertraglich verpflichtet, die von uns bereitgestellten Daten zu sch\u00fctzen. Dazu geh\u00f6ren:<\/p>\n<ul>\n<li>Technische Dienstleister wie Telekommunikationsanbieter, Website-Hosting-Anbieter, Anbieter von IT<\/li>\n<li>Supportdiensten, Cloud-Software-Anbieter oder Anbieter von Digitalisierungsdiensten,<\/li>\n<li>Professionelle Berater wie Anw\u00e4lte und Treuh\u00e4nder, Marketingdienstleister,<\/li>\n<li>\u00d6ffentliche Beh\u00f6rden, Strafverfolgungsbeh\u00f6rden oder Dritte, wenn dies gesetzlich vorgeschrieben ist.<\/li>\n<\/ul>\n<p>Daten im Zusammenhang mit Plattformen wie Google Ads, Google Analytics (UA &amp; GA4) und Google Tag Manager k\u00f6nnen in die USA \u00fcbermittelt werden. Dies birgt ein geringes, aber potenzielles Risiko, dass amerikanische Beh\u00f6rden Zugriff darauf erhalten.<\/p>\n<p>&nbsp;<\/p>\n<p><strong>7. Wie sch\u00fctzen wir Ihre Daten?<br \/>\n<\/strong>Die Digisky GmbH speichert Ihre Daten sicher auf Servern in der Schweiz und verwendet technische und organisatorische Massnahmen, die dem neuesten Stand der Technik entsprechen. Der Zugriff auf personenbezogene Daten ist streng auf autorisierte Personen beschr\u00e4nkt, die zur Geheimhaltung verpflichtet sind. Bitte beachten Sie jedoch, dass die \u00dcbertragung von Daten \u00fcber das Internet nicht vollst\u00e4ndig sicher ist. Obwohl wir unser Bestes tun, um die Sicherheit Ihrer Daten zu gew\u00e4hrleisten, erfolgt jede Daten\u00fcbertragung auf eigenes Risiko. Wir bewahren Ihre personenbezogenen Daten so lange auf, wie es f\u00fcr die Bereitstellung unserer Dienstleistungen, f\u00fcr Angebote und zur Einhaltung gesetzlicher Verpflichtungen erforderlich ist. Sobald die Daten nicht mehr ben\u00f6tigt werden, werden sie gel\u00f6scht.<\/p>\n<p>&nbsp;<\/p>\n<p><strong>8. Werden Ihre Daten ausserhalb der Schweiz \u00fcbermittelt?<br \/>\n<\/strong>Wir k\u00f6nnen Ihre Daten an Dienstleister in der Schweiz oder in L\u00e4nder \u00fcbermitteln, die ein angemessenes Datenschutzniveau gew\u00e4hrleisten. Solche \u00dcbertragungen erfolgen in \u00dcbereinstimmung mit unseren vertraglichen Verpflichtungen und den geltenden Datenschutzbestimmungen.<\/p>\n<p>&nbsp;<\/p>\n<p><strong>9. Marketing<br \/>\n<\/strong>Wir m\u00f6chten Ihnen Informationen zusenden, die Sie interessieren k\u00f6nnten, sei es \u00fcber unsere eigenen Produkte und Dienstleistungen oder die unserer Partner. Sie k\u00f6nnen sich jederzeit vom Erhalt solcher Mitteilungen abmelden, indem Sie uns unter der in Abschnitt 10 angegebenen Adresse kontaktieren.<\/p>\n<p>&nbsp;<\/p>\n<p><strong>10. Welche Rechte haben Sie in Bezug auf Ihre Daten?<br \/>\n<\/strong>Jeder Nutzer hat die folgenden Rechte:<\/p>\n<p>Recht auf Auskunft: Sie k\u00f6nnen Kopien Ihrer personenbezogenen Daten anfordern.<br \/>\nRecht auf Berichtigung: Sie k\u00f6nnen die Korrektur oder Erg\u00e4nzung unrichtiger oder unvollst\u00e4ndiger Daten verlangen.<br \/>\nRecht auf L\u00f6schung: Sie k\u00f6nnen die L\u00f6schung Ihrer Daten verlangen, wenn diese nicht mehr ben\u00f6tigt werden und keine gesetzlichen Aufbewahrungspflichten bestehen.<br \/>\nRecht auf Einschr\u00e4nkung: Sie k\u00f6nnen die Einschr\u00e4nkung der Verarbeitung Ihrer Daten verlangen, wenn Sie deren Richtigkeit bestreiten.<br \/>\nWiderspruchsrecht: Sie k\u00f6nnen der Verarbeitung Ihrer Daten zu Marketingzwecken widersprechen.<br \/>\nRecht auf Daten\u00fcbertragbarkeit: Sie k\u00f6nnen verlangen, dass wir Ihre Daten an Sie oder eine andere Organisation \u00fcbertragen.<br \/>\nRecht auf Widerruf einer Einwilligung: Sie k\u00f6nnen Ihre Einwilligung zur Datenverarbeitung jederzeit widerrufen.<\/p>\n<p>Anfragen richten Sie bitte an:<\/p>\n<p>Digisky GmbH<br \/>\nA\u00e9rop\u00f4le 132<br \/>\n1530 Payerne<br \/>\ninfo@digisky.ch<\/p>\n<p>&nbsp;<\/p>\n<p><strong>11. Datenschutzrichtlinien anderer Webseiten<\/strong><\/p>\n<p>Die Website der Digisky GmbH kann Links zu anderen Websites enthalten. Diese Datenschutzrichtlinie gilt nur f\u00fcr unsere eigene Website. Wir empfehlen, die Datenschutzrichtlinien der verlinkten Seiten zu pr\u00fcfen.<\/p>\n<p>&nbsp;<\/p>\n<p><strong>12. Cookies<br \/>\n<\/strong>Unsere Website verwendet Cookies, um Ihre Benutzererfahrung zu verbessern. Sie k\u00f6nnen Ihre Cookie-Einstellungen jederzeit anpassen.<\/p>\n<p>&nbsp;<\/p>\n<p><strong>13.\u00c4nderungen an dieser Datenschutzrichtlinie<\/strong><br \/>\nDiese Richtlinie wird regelm\u00e4ssig \u00fcberpr\u00fcft und bei Bedarf aktualisiert. Letzte \u00c4nderung: 9. Dezember 2024.<\/p>\n<p><strong><br \/>\n14. Kontakt zur Datenschutzbeh\u00f6rde<br \/>\n<\/strong>Wenn Sie eine Beschwerde einreichen m\u00f6chten, wenden Sie sich an: F\u00f6deraler Datenschutz- und \u00d6ffentlichkeitsbeauftragter (FDPIC) Feldeggweg 1 3003 Bern Schweiz<\/p>\n<p>&nbsp;<\/p>\n<h3>Nutzung der erhobenen personenbezogenen Daten<\/h3>\n<p><strong>Cookies<\/strong><br \/>\nDurch den Besuch der Website <a href=\"http:\/\/www.digiskysolutions.com\">www.digiskysolutions.com<\/a> und die Nutzung unserer Dienste verstehen und akzeptieren Sie, wie wir personenbezogene Daten gem\u00e4ss unserer Datenschutzrichtlinie verarbeiten. Wir respektieren Ihre Privatsph\u00e4re und das Recht, Ihre personenbezogenen Daten zu kontrollieren. Unsere Leitprinzipien sind einfach: Wir informieren offen dar\u00fcber, welche Daten wir erheben und warum. Bitte nehmen Sie sich einen Moment Zeit, diese Informationen zu lesen \u2013 sie sind wichtig. Cookies sind kleine Datenmengen, die in Dateien innerhalb des Browsers Ihres Computers gespeichert werden. Sie sind von den Websites, die Sie besuchen, sowie von Unternehmen, die ihre Werbeanzeigen auf diesen Websites schalten, zug\u00e4nglich und werden dort gespeichert, um den Browser zu erkennen. Websites k\u00f6nnen nur auf die Cookies zugreifen, die sie selbst auf Ihrem Computer gespeichert haben. Durch die Nutzung unserer Website stimmen Sie der Verwendung von Cookies zu, die von unserer Website gesetzt werden. Die Website verwendet Cookies zu folgenden Zwecken:<\/p>\n<ul>\n<li>Nutzung der Website: Um uns zu helfen, Ihren Browser als vorherigen Besucher zu erkennen und die Einstellungen zu speichern, die Sie bei einem fr\u00fcheren Besuch vorgenommen haben. Zum Beispiel k\u00f6nnen wir Ihre<\/li>\n<li>Anmeldeinformationen speichern, damit Sie sich nicht jedes Mal anmelden m\u00fcssen, wenn Sie die Website besuchen.<br \/>\nSoziale Netzwerke: Um zu \u00fcberpr\u00fcfen, ob Sie mit Diensten Dritter verbunden sind.<\/li>\n<li>Targeting: Um uns zu erm\u00f6glichen, den Nutzer der Website nachtr\u00e4glich oder in Echtzeit gezielt anzusprechen.<br \/>\nReichweitenmessung: Um statistische Daten \u00fcber die Nutzung der Website zu erfassen und uns bei der Messung und<\/li>\n<li>Untersuchung der Effektivit\u00e4t unserer interaktiven Inhalte, Funktionen, Werbung und anderer Kommunikation zu unterst\u00fctzen.<\/li>\n<\/ul>\n<p>&nbsp;<\/p>\n<p><strong>Eingebettete Inhalte von anderen Websites <\/strong><br \/>\nArtikel auf dieser Website k\u00f6nnen eingebettete Inhalte enthalten (z. B. Videos, Bilder, Artikel). Eingebettete Inhalte von anderen Websites verhalten sich genau so, als h\u00e4tte der Besucher die andere Website besucht. Diese Websites k\u00f6nnten Daten \u00fcber Sie sammeln, Cookies verwenden, zus\u00e4tzliche Tracking-Dienste von Dritten einbetten und Ihre Interaktion mit diesen eingebetteten Inhalten \u00fcberwachen, einschliesslich der Verfolgung Ihrer Interaktion mit eingebetteten Inhalten, wenn Sie ein Konto haben und auf dieser Website angemeldet sind.<\/p>\n<p>&nbsp;<\/p>\n<p><strong>Speicherdauer Ihrer Daten <\/strong><br \/>\nWenn Sie einen Kommentar hinterlassen, werden dieser und seine Metadaten unbegrenzt gespeichert. Auf diese Weise k\u00f6nnen wir Folgekommentare automatisch erkennen und genehmigen, anstatt sie in einer Moderationswarteschlange zu halten.<\/p>\n<p>&nbsp;<\/p>\n<p><strong>Ihre Rechte an Ihren Daten <\/strong><br \/>\nWenn Sie ein Konto haben oder Kommentare auf der Website hinterlassen haben, k\u00f6nnen Sie eine Datei mit den personenbezogenen Daten anfordern, die wir \u00fcber Sie gespeichert haben, einschliesslich aller Daten, die Sie uns bereitgestellt haben. Sie k\u00f6nnen auch die L\u00f6schung aller personenbezogenen Daten verlangen, die wir \u00fcber Sie gespeichert haben. Dies umfasst keine Daten, die wir zu administrativen, rechtlichen oder sicherheitsrelevanten Zwecken aufbewahren m\u00fcssen.<\/p>\n<p>&nbsp;<\/p>\n<p><strong>Hyperlinks<\/strong><br \/>\nDie Website <a href=\"http:\/\/www.digiskysolutions.com\">www.digiskysolutions.com<\/a> enth\u00e4lt eine Reihe von Hyperlinks zu anderen Websites. Die Digisky GmbH hat jedoch keine M\u00f6glichkeit, die Inhalte der so besuchten Websites zu \u00fcberpr\u00fcfen, und \u00fcbernimmt daher keine Verantwortung f\u00fcr deren Inhalte. Besucher der Website d\u00fcrfen ohne vorherige Genehmigung keinen Hyperlink zur Website <a href=\"http:\/\/www.digiskysolutions.com\">www.digiskysolutions.com<\/a> erstellen.<\/p>\n<p>&nbsp;<\/p>\n<p><strong>Geistiges Eigentum <\/strong><br \/>\nDigisky GmbH besitzt die Nutzungsrechte an allen auf der Website zug\u00e4nglichen Elementen, insbesondere Texte, Bilder, Grafiken, Logos, Symbole, T\u00f6ne und Software. Jede unbefugte Nutzung der Website oder eines ihrer Elemente gilt als Verletzung der Urheberrechte und wird gem\u00e4ss den geltenden gesetzlichen Bestimmungen verfolgt.<\/p>\n","protected":false},"excerpt":{"rendered":"<p>Eigent\u00fcmer Digisky GmbH A\u00e9rop\u00f4le 132 1530 Payerne Hosting Seite wird in der Schweiz durch Infomaniak gehostet Eug\u00e8ne Marziano 25 1227 Les Acacias +41 22 820 35 44 &nbsp; Datenschutzrichtlinie Diese Datenschutzrichtlinie gibt Ihnen einen \u00dcberblick \u00fcber die Verarbeitung Ihrer pers\u00f6nlichen Daten durch die Digisky GmbH. Sie gilt f\u00fcr alle von der Agentur \u00fcber eine Website, [&hellip;]<\/p>\n","protected":false},"author":6,"featured_media":0,"parent":0,"menu_order":0,"comment_status":"closed","ping_status":"closed","template":"page-default.php","meta":{"_acf_changed":false,"footnotes":""},"class_list":["post-1888","page","type-page","status-publish","hentry"],"acf":[],"aioseo_notices":[],"_links":{"self":[{"href":"https:\/\/digiskysolutions.com\/de\/wp-json\/wp\/v2\/pages\/1888","targetHints":{"allow":["GET"]}}],"collection":[{"href":"https:\/\/digiskysolutions.com\/de\/wp-json\/wp\/v2\/pages"}],"about":[{"href":"https:\/\/digiskysolutions.com\/de\/wp-json\/wp\/v2\/types\/page"}],"author":[{"embeddable":true,"href":"https:\/\/digiskysolutions.com\/de\/wp-json\/wp\/v2\/users\/6"}],"replies":[{"embeddable":true,"href":"https:\/\/digiskysolutions.com\/de\/wp-json\/wp\/v2\/comments?post=1888"}],"version-history":[{"count":9,"href":"https:\/\/digiskysolutions.com\/de\/wp-json\/wp\/v2\/pages\/1888\/revisions"}],"predecessor-version":[{"id":2275,"href":"https:\/\/digiskysolutions.com\/de\/wp-json\/wp\/v2\/pages\/1888\/revisions\/2275"}],"wp:attachment":[{"href":"https:\/\/digiskysolutions.com\/de\/wp-json\/wp\/v2\/media?parent=1888"}],"curies":[{"name":"wp","href":"https:\/\/api.w.org\/{rel}","templated":true}]}}